{"id":1713,"date":"2026-03-09T09:03:44","date_gmt":"2026-03-09T09:03:44","guid":{"rendered":"https:\/\/www.dealexpert.eu\/?post_type=product&#038;p=1713"},"modified":"2026-03-09T09:03:44","modified_gmt":"2026-03-09T09:03:44","slug":"night-shred-pour-un-sommeil-et-une-perte-de-poids-ameliores","status":"publish","type":"product","link":"https:\/\/www.dealexpert.eu\/de\/p\/night-shred-pour-un-sommeil-et-une-perte-de-poids-ameliores\/","title":{"rendered":"Night Shred f\u00fcr ein besseres K\u00f6rpergef\u00fchl und eine bessere Gewichtsabnahme"},"content":{"rendered":"<div class=\"kk-star-ratings kksr-auto kksr-align-left kksr-valign-top\"\n    data-payload='{&quot;align&quot;:&quot;left&quot;,&quot;id&quot;:&quot;1713&quot;,&quot;slug&quot;:&quot;default&quot;,&quot;valign&quot;:&quot;top&quot;,&quot;ignore&quot;:&quot;&quot;,&quot;reference&quot;:&quot;auto&quot;,&quot;class&quot;:&quot;&quot;,&quot;count&quot;:&quot;0&quot;,&quot;legendonly&quot;:&quot;&quot;,&quot;readonly&quot;:&quot;&quot;,&quot;score&quot;:&quot;0&quot;,&quot;starsonly&quot;:&quot;&quot;,&quot;best&quot;:&quot;5&quot;,&quot;gap&quot;:&quot;5&quot;,&quot;greet&quot;:&quot;Rate this product&quot;,&quot;legend&quot;:&quot;0\\\/5 - (0 votes)&quot;,&quot;size&quot;:&quot;24&quot;,&quot;title&quot;:&quot;Night shred pour un sommeil et une perte de poids am\u00e9lior\u00e9s&quot;,&quot;width&quot;:&quot;0&quot;,&quot;_legend&quot;:&quot;{score}\\\/{best} - ({count} {votes})&quot;,&quot;font_factor&quot;:&quot;1.25&quot;}'>\n            \n<div class=\"kksr-stars\">\n    \n<div class=\"kksr-stars-inactive\">\n            <div class=\"kksr-star\" data-star=\"1\" style=\"padding-right: 5px\">\n            \n\n<div class=\"kksr-icon\" style=\"width: 24px; height: 24px;\"><\/div>\n        <\/div>\n            <div class=\"kksr-star\" data-star=\"2\" style=\"padding-right: 5px\">\n            \n\n<div class=\"kksr-icon\" style=\"width: 24px; height: 24px;\"><\/div>\n        <\/div>\n            <div class=\"kksr-star\" data-star=\"3\" style=\"padding-right: 5px\">\n            \n\n<div class=\"kksr-icon\" style=\"width: 24px; height: 24px;\"><\/div>\n        <\/div>\n            <div class=\"kksr-star\" data-star=\"4\" style=\"padding-right: 5px\">\n            \n\n<div class=\"kksr-icon\" style=\"width: 24px; height: 24px;\"><\/div>\n        <\/div>\n            <div class=\"kksr-star\" data-star=\"5\" style=\"padding-right: 5px\">\n            \n\n<div class=\"kksr-icon\" style=\"width: 24px; height: 24px;\"><\/div>\n        <\/div>\n    <\/div>\n    \n<div class=\"kksr-stars-active\" style=\"width: 0px;\">\n            <div class=\"kksr-star\" style=\"padding-right: 5px\">\n            \n\n<div class=\"kksr-icon\" style=\"width: 24px; height: 24px;\"><\/div>\n        <\/div>\n            <div class=\"kksr-star\" style=\"padding-right: 5px\">\n            \n\n<div class=\"kksr-icon\" style=\"width: 24px; height: 24px;\"><\/div>\n        <\/div>\n            <div class=\"kksr-star\" style=\"padding-right: 5px\">\n            \n\n<div class=\"kksr-icon\" style=\"width: 24px; height: 24px;\"><\/div>\n        <\/div>\n            <div class=\"kksr-star\" style=\"padding-right: 5px\">\n            \n\n<div class=\"kksr-icon\" style=\"width: 24px; height: 24px;\"><\/div>\n        <\/div>\n            <div class=\"kksr-star\" style=\"padding-right: 5px\">\n            \n\n<div class=\"kksr-icon\" style=\"width: 24px; height: 24px;\"><\/div>\n        <\/div>\n    <\/div>\n<\/div>\n                \n\n<div class=\"kksr-legend\" style=\"font-size: 19.2px;\">\n            <span class=\"kksr-muted\">Bewerten Sie dieses Produkt<\/span>\n    <\/div>\n    <\/div>\n<div id=\"ez-toc-container\" class=\"ez-toc-v2_0_81 counter-hierarchy ez-toc-counter ez-toc-grey ez-toc-container-direction\">\n<div class=\"ez-toc-title-container\">\n<p class=\"ez-toc-title\" style=\"cursor:inherit\">Zusammenfassung<\/p>\n<span class=\"ez-toc-title-toggle\"><a href=\"#\" class=\"ez-toc-pull-right ez-toc-btn ez-toc-btn-xs ez-toc-btn-default ez-toc-toggle\" aria-label=\"Toggle Table of Content\"><span class=\"ez-toc-js-icon-con\"><span class=\"\"><span class=\"eztoc-hide\" style=\"display:none;\">Umschalten auf<\/span><span class=\"ez-toc-icon-toggle-span\"><svg style=\"fill: #999;color:#999\" xmlns=\"http:\/\/www.w3.org\/2000\/svg\" class=\"list-377408\" width=\"20px\" height=\"20px\" viewbox=\"0 0 24 24\" fill=\"none\"><path d=\"M6 6H4v2h2V6zm14 0H8v2h12V6zM4 11h2v2H4v-2zm16 0H8v2h12v-2zM4 16h2v2H4v-2zm16 0H8v2h12v-2z\" fill=\"currentColor\"><\/path><\/svg><svg style=\"fill: #999;color:#999\" class=\"arrow-unsorted-368013\" xmlns=\"http:\/\/www.w3.org\/2000\/svg\" width=\"10px\" height=\"10px\" viewbox=\"0 0 24 24\" version=\"1.2\" baseprofile=\"tiny\"><path d=\"M18.2 9.3l-6.2-6.3-6.2 6.3c-.2.2-.3.4-.3.7s.1.5.3.7c.2.2.4.3.7.3h11c.3 0 .5-.1.7-.3.2-.2.3-.5.3-.7s-.1-.5-.3-.7zM5.8 14.7l6.2 6.3 6.2-6.3c.2-.2.3-.5.3-.7s-.1-.5-.3-.7c-.2-.2-.4-.3-.7-.3h-11c-.3 0-.5.1-.7.3-.2.2-.3.5-.3.7s.1.5.3.7z\"\/><\/svg><\/span><\/span><\/span><\/a><\/span><\/div>\n<nav><ul class='ez-toc-list ez-toc-list-level-1 eztoc-toggle-hide-by-default' ><li class='ez-toc-page-1 ez-toc-heading-level-2'><a class=\"ez-toc-link ez-toc-heading-1\" href=\"https:\/\/www.dealexpert.eu\/de\/p\/night-shred-pour-un-sommeil-et-une-perte-de-poids-ameliores\/#introduction_to_night_shred_glp-1\" >einf\u00fchrung in night shred glp-1<\/a><ul class='ez-toc-list-level-3' ><li class='ez-toc-heading-level-3'><a class=\"ez-toc-link ez-toc-heading-2\" href=\"https:\/\/www.dealexpert.eu\/de\/p\/night-shred-pour-un-sommeil-et-une-perte-de-poids-ameliores\/#comment_ca_marche\" >comment \u00e7a marche<\/a><\/li><li class='ez-toc-page-1 ez-toc-heading-level-3'><a class=\"ez-toc-link ez-toc-heading-3\" href=\"https:\/\/www.dealexpert.eu\/de\/p\/night-shred-pour-un-sommeil-et-une-perte-de-poids-ameliores\/#avantages_pour_la_sante\" >Vorteile f\u00fcr die Gesundheit<\/a><\/li><li class='ez-toc-page-1 ez-toc-heading-level-3'><a class=\"ez-toc-link ez-toc-heading-4\" href=\"https:\/\/www.dealexpert.eu\/de\/p\/night-shred-pour-un-sommeil-et-une-perte-de-poids-ameliores\/#pourquoi_choisir_night_shred_glp-1\" >Warum sollten Sie sich f\u00fcr Night Shred glp-1 entscheiden?<\/a><\/li><li class='ez-toc-page-1 ez-toc-heading-level-3'><a class=\"ez-toc-link ez-toc-heading-5\" href=\"https:\/\/www.dealexpert.eu\/de\/p\/night-shred-pour-un-sommeil-et-une-perte-de-poids-ameliores\/#conclusion\" >Schlussfolgerung<\/a><\/li><\/ul><\/li><\/ul><\/nav><\/div>\n<h2><span class=\"ez-toc-section\" id=\"introduction_to_night_shred_glp-1\"><\/span>einf\u00fchrung in night shred glp-1<span class=\"ez-toc-section-end\"><\/span><\/h2>\n<p>night shred glp-1 ist ein Nahrungserg\u00e4nzungsmittel zur Unterst\u00fctzung der n\u00e4chtlichen Appetitregulierung und zur F\u00f6rderung der Verdauungsgesundheit. Mit Inhaltsstoffen wie Akzermansia und Sukr\u00e9 hilft dieses Produkt, den n\u00e4chtlichen Hei\u00dfhunger zu bek\u00e4mpfen und einen gesunden Schlaf zu f\u00f6rdern.<\/p>\n<h3><span class=\"ez-toc-section\" id=\"comment_ca_marche\"><\/span>comment \u00e7a marche<span class=\"ez-toc-section-end\"><\/span><\/h3>\n<ul>\n<li><strong>Regulierung des n\u00e4chtlichen Appetits<\/strong> night shred glp-1 unterst\u00fctzt die nat\u00fcrliche Aktivit\u00e4t von glp-1 im Organismus und hilft so, den n\u00e4chtlichen Neid zu bek\u00e4mpfen und eine ausgewogene Ern\u00e4hrung zu f\u00f6rdern.<\/li>\n<li><strong>Unterst\u00fctzung bei der Arbeit<\/strong> Mit Inhaltsstoffen wie Gaba f\u00f6rdert dieses Nahrungserg\u00e4nzungsmittel einen ruhigen Geist und einen erholsamen Schlaf, der f\u00fcr das Wohlbefinden und die Regeneration unerl\u00e4sslich ist.<\/li>\n<li><strong>Hilfestellung bei Stress<\/strong> Gewisse Studien zeigen, dass das Ashwagandha-Sensorium Stress lindern und eine ausgeglichene Reaktion auf Cortisol f\u00f6rdern kann, was f\u00fcr die Aufrechterhaltung eines gesunden K\u00f6rpergewichts wichtig ist.<\/li>\n<li><strong>Thermische Unterst\u00fctzung f\u00fcr die Nacht<\/strong> Der Greenselect und die Paradiesk\u00f6rner k\u00f6nnen dazu beitragen, die thermischen Prozesse zu stimulieren und so die Verbrennung von Kalorien und den Stoffwechsel der K\u00f6rner zu f\u00f6rdern, und zwar sowohl aktiv als auch in der Ruhephase, im Rahmen einer gesunden Lebensweise.<\/li>\n<\/ul>\n<h3><span class=\"ez-toc-section\" id=\"avantages_pour_la_sante\"><\/span>Vorteile f\u00fcr die Gesundheit<span class=\"ez-toc-section-end\"><\/span><\/h3>\n<ul>\n<li><strong>Bessere Regulierung des Appetits<\/strong> night shred glp-1 hilft, den n\u00e4chtlichen Neid zu kontrollieren, was zu einer leichteren und dauerhafteren Gewichtsabnahme beitragen kann.<\/li>\n<li><strong>Verbesserung der Qualit\u00e4t der Sonneneinstrahlung<\/strong> un sommeil r\u00e9parateur est essentiel pour la r\u00e9cup\u00e9ration et le bien-\u00eatre g\u00e9n\u00e9ral.<\/li>\n<li><strong>Stressabbau<\/strong> Night Shred Glp-1 kann durch die F\u00f6rderung einer ausgeglichenen Cortisolreaktion dazu beitragen, das Stressniveau zu senken und die psychische Gesundheit zu verbessern.<\/li>\n<li><strong>Unterst\u00fctzung bei der Gewichtsreduzierung<\/strong> Durch die F\u00f6rderung der Kalorienverbrennung und des Fettstoffwechsels kann dieses Nahrungserg\u00e4nzungsmittel dazu beitragen, die angestrebte Gewichtsabnahme zu erreichen.<\/li>\n<\/ul>\n<h3><span class=\"ez-toc-section\" id=\"pourquoi_choisir_night_shred_glp-1\"><\/span>Warum sollten Sie sich f\u00fcr Night Shred glp-1 entscheiden?<span class=\"ez-toc-section-end\"><\/span><\/h3>\n<ul>\n<li><strong>formul\u00e9 avec des ingr\u00e9dients de haute qualit\u00e9<\/strong> night shred glp-1 enth\u00e4lt hochwertige Inhaltsstoffe, die f\u00fcr ihre Wirksamkeit und Sicherheit bekannt sind.<\/li>\n<li><strong>Unterst\u00fctzung der Verdauungsgesundheit<\/strong> Dieses Nahrungserg\u00e4nzungsmittel regelt nicht nur den n\u00e4chtlichen Appetit, sondern tr\u00e4gt auch zur F\u00f6rderung der Verdauung bei.<\/li>\n<li><strong>leicht in Ihre Routine zu integrieren<\/strong> Die Einnahme von Night Shred Glp-1 ist einfach und l\u00e4sst sich leicht in Ihren Tagesablauf integrieren.<\/li>\n<\/ul>\n<h3><span class=\"ez-toc-section\" id=\"conclusion\"><\/span>Schlussfolgerung<span class=\"ez-toc-section-end\"><\/span><\/h3>\n<p>night shred glp-1 ist ein komplettes Nahrungserg\u00e4nzungsmittel zur Unterst\u00fctzung der n\u00e4chtlichen Appetitregulierung, zur F\u00f6rderung eines ausgeglichenen Schlafes und zur Unterst\u00fctzung von Stress und Gewichtsabnahme. Mit seinen hochwertigen Inhaltsstoffen und seiner einzigartigen Formel kann es eine hervorragende Erg\u00e4nzung Ihrer Gesundheits- und Wohlf\u00fchlroutine sein. Probieren Sie Night Shred Glp-1 heute aus und entdecken Sie die Vorteile eines sommeil r\u00e9parateur und einer verbesserten Verdauungsgesundheit.<\/p>","protected":false},"excerpt":{"rendered":"<p>introduction to night shred glp-1 night shred glp-1 est un suppl\u00e9ment alimentaire con\u00e7u pour soutenir la r\u00e9gulation de l&#8217;app\u00e9tit nocturne et promouvoir la sant\u00e9 digestive. avec des ingr\u00e9dients comme akkermansia et sukr\u00e9, ce produit aide \u00e0 g\u00e9rer les envies nocturnes et \u00e0 favoriser un sommeil r\u00e9parateur. comment \u00e7a marche r\u00e9gulation de l&#8217;app\u00e9tit nocturne : night&#8230;<\/p>","protected":false},"featured_media":1714,"template":"","meta":{"_lmt_disableupdate":"","_lmt_disable":"","_kadence_starter_templates_imported_post":false,"_kad_post_transparent":"","_kad_post_title":"","_kad_post_layout":"","_kad_post_sidebar_id":"","_kad_post_content_style":"","_kad_post_vertical_padding":"","_kad_post_feature":"","_kad_post_feature_position":"","_kad_post_header":false,"_kad_post_footer":false,"_kad_post_classname":""},"product_brand":[148],"product_cat":[149],"product_tag":[],"class_list":{"0":"post-1713","1":"product","2":"type-product","3":"status-publish","4":"has-post-thumbnail","6":"product_brand-innosupps","7":"product_cat-l-carnitine-for-fat-burning","9":"first","10":"instock","11":"shipping-taxable","12":"product-type-external","13":"entry","14":"content-bg","15":"loop-entry"},"_links":{"self":[{"href":"https:\/\/www.dealexpert.eu\/de\/wp-json\/wp\/v2\/product\/1713","targetHints":{"allow":["GET"]}}],"collection":[{"href":"https:\/\/www.dealexpert.eu\/de\/wp-json\/wp\/v2\/product"}],"about":[{"href":"https:\/\/www.dealexpert.eu\/de\/wp-json\/wp\/v2\/types\/product"}],"wp:featuredmedia":[{"embeddable":true,"href":"https:\/\/www.dealexpert.eu\/de\/wp-json\/wp\/v2\/media\/1714"}],"wp:attachment":[{"href":"https:\/\/www.dealexpert.eu\/de\/wp-json\/wp\/v2\/media?parent=1713"}],"wp:term":[{"taxonomy":"product_brand","embeddable":true,"href":"https:\/\/www.dealexpert.eu\/de\/wp-json\/wp\/v2\/product_brand?post=1713"},{"taxonomy":"product_cat","embeddable":true,"href":"https:\/\/www.dealexpert.eu\/de\/wp-json\/wp\/v2\/product_cat?post=1713"},{"taxonomy":"product_tag","embeddable":true,"href":"https:\/\/www.dealexpert.eu\/de\/wp-json\/wp\/v2\/product_tag?post=1713"}],"curies":[{"name":"wp","href":"https:\/\/api.w.org\/{rel}","templated":true}]}}