{"id":1703,"date":"2026-03-08T13:26:51","date_gmt":"2026-03-08T13:26:51","guid":{"rendered":"https:\/\/www.dealexpert.eu\/?post_type=product&#038;p=1703"},"modified":"2026-03-08T13:26:51","modified_gmt":"2026-03-08T13:26:51","slug":"niacinamid-feuchtigkeitsspendende-aknebehandlung","status":"publish","type":"product","link":"https:\/\/www.dealexpert.eu\/de\/p\/niacinamid-feuchtigkeitsspendende-aknebehandlung\/","title":{"rendered":"Niacinamid feuchtigkeitsspendende Aknebehandlung"},"content":{"rendered":"<div class=\"kk-star-ratings kksr-auto kksr-align-left kksr-valign-top\"\n    data-payload='{&quot;align&quot;:&quot;left&quot;,&quot;id&quot;:&quot;1703&quot;,&quot;slug&quot;:&quot;default&quot;,&quot;valign&quot;:&quot;top&quot;,&quot;ignore&quot;:&quot;&quot;,&quot;reference&quot;:&quot;auto&quot;,&quot;class&quot;:&quot;&quot;,&quot;count&quot;:&quot;0&quot;,&quot;legendonly&quot;:&quot;&quot;,&quot;readonly&quot;:&quot;&quot;,&quot;score&quot;:&quot;0&quot;,&quot;starsonly&quot;:&quot;&quot;,&quot;best&quot;:&quot;5&quot;,&quot;gap&quot;:&quot;5&quot;,&quot;greet&quot;:&quot;Rate this product&quot;,&quot;legend&quot;:&quot;0\\\/5 - (0 votes)&quot;,&quot;size&quot;:&quot;24&quot;,&quot;title&quot;:&quot;Niacinamide hydrating acne treatment&quot;,&quot;width&quot;:&quot;0&quot;,&quot;_legend&quot;:&quot;{score}\\\/{best} - ({count} {votes})&quot;,&quot;font_factor&quot;:&quot;1.25&quot;}'>\n            \n<div class=\"kksr-stars\">\n    \n<div class=\"kksr-stars-inactive\">\n            <div class=\"kksr-star\" data-star=\"1\" style=\"padding-right: 5px\">\n            \n\n<div class=\"kksr-icon\" style=\"width: 24px; height: 24px;\"><\/div>\n        <\/div>\n            <div class=\"kksr-star\" data-star=\"2\" style=\"padding-right: 5px\">\n            \n\n<div class=\"kksr-icon\" style=\"width: 24px; height: 24px;\"><\/div>\n        <\/div>\n            <div class=\"kksr-star\" data-star=\"3\" style=\"padding-right: 5px\">\n            \n\n<div class=\"kksr-icon\" style=\"width: 24px; height: 24px;\"><\/div>\n        <\/div>\n            <div class=\"kksr-star\" data-star=\"4\" style=\"padding-right: 5px\">\n            \n\n<div class=\"kksr-icon\" style=\"width: 24px; height: 24px;\"><\/div>\n        <\/div>\n            <div class=\"kksr-star\" data-star=\"5\" style=\"padding-right: 5px\">\n            \n\n<div class=\"kksr-icon\" style=\"width: 24px; height: 24px;\"><\/div>\n        <\/div>\n    <\/div>\n    \n<div class=\"kksr-stars-active\" style=\"width: 0px;\">\n            <div class=\"kksr-star\" style=\"padding-right: 5px\">\n            \n\n<div class=\"kksr-icon\" style=\"width: 24px; height: 24px;\"><\/div>\n        <\/div>\n            <div class=\"kksr-star\" style=\"padding-right: 5px\">\n            \n\n<div class=\"kksr-icon\" style=\"width: 24px; height: 24px;\"><\/div>\n        <\/div>\n            <div class=\"kksr-star\" style=\"padding-right: 5px\">\n            \n\n<div class=\"kksr-icon\" style=\"width: 24px; height: 24px;\"><\/div>\n        <\/div>\n            <div class=\"kksr-star\" style=\"padding-right: 5px\">\n            \n\n<div class=\"kksr-icon\" style=\"width: 24px; height: 24px;\"><\/div>\n        <\/div>\n            <div class=\"kksr-star\" style=\"padding-right: 5px\">\n            \n\n<div class=\"kksr-icon\" style=\"width: 24px; height: 24px;\"><\/div>\n        <\/div>\n    <\/div>\n<\/div>\n                \n\n<div class=\"kksr-legend\" style=\"font-size: 19.2px;\">\n            <span class=\"kksr-muted\">Bewerten Sie dieses Produkt<\/span>\n    <\/div>\n    <\/div>\n<div id=\"ez-toc-container\" class=\"ez-toc-v2_0_81 counter-hierarchy ez-toc-counter ez-toc-grey ez-toc-container-direction\">\n<div class=\"ez-toc-title-container\">\n<p class=\"ez-toc-title\" style=\"cursor:inherit\">Zusammenfassung<\/p>\n<span class=\"ez-toc-title-toggle\"><a href=\"#\" class=\"ez-toc-pull-right ez-toc-btn ez-toc-btn-xs ez-toc-btn-default ez-toc-toggle\" aria-label=\"Toggle Table of Content\"><span class=\"ez-toc-js-icon-con\"><span class=\"\"><span class=\"eztoc-hide\" style=\"display:none;\">Umschalten auf<\/span><span class=\"ez-toc-icon-toggle-span\"><svg style=\"fill: #999;color:#999\" xmlns=\"http:\/\/www.w3.org\/2000\/svg\" class=\"list-377408\" width=\"20px\" height=\"20px\" viewbox=\"0 0 24 24\" fill=\"none\"><path d=\"M6 6H4v2h2V6zm14 0H8v2h12V6zM4 11h2v2H4v-2zm16 0H8v2h12v-2zM4 16h2v2H4v-2zm16 0H8v2h12v-2z\" fill=\"currentColor\"><\/path><\/svg><svg style=\"fill: #999;color:#999\" class=\"arrow-unsorted-368013\" xmlns=\"http:\/\/www.w3.org\/2000\/svg\" width=\"10px\" height=\"10px\" viewbox=\"0 0 24 24\" version=\"1.2\" baseprofile=\"tiny\"><path d=\"M18.2 9.3l-6.2-6.3-6.2 6.3c-.2.2-.3.4-.3.7s.1.5.3.7c.2.2.4.3.7.3h11c.3 0 .5-.1.7-.3.2-.2.3-.5.3-.7s-.1-.5-.3-.7zM5.8 14.7l6.2 6.3 6.2-6.3c.2-.2.3-.5.3-.7s-.1-.5-.3-.7c-.2-.2-.4-.3-.7-.3h-11c-.3 0-.5.1-.7.3-.2.2-.3.5-.3.7s.1.5.3.7z\"\/><\/svg><\/span><\/span><\/span><\/a><\/span><\/div>\n<nav><ul class='ez-toc-list ez-toc-list-level-1 eztoc-toggle-hide-by-default' ><li class='ez-toc-page-1 ez-toc-heading-level-2'><a class=\"ez-toc-link ez-toc-heading-1\" href=\"https:\/\/www.dealexpert.eu\/de\/p\/niacinamid-feuchtigkeitsspendende-aknebehandlung\/#introduction_to_clear_skin_mineral_milk\" >Einf\u00fchrung in die Clear Skin Mineralmilch<\/a><ul class='ez-toc-list-level-3' ><li class='ez-toc-heading-level-3'><a class=\"ez-toc-link ez-toc-heading-2\" href=\"https:\/\/www.dealexpert.eu\/de\/p\/niacinamid-feuchtigkeitsspendende-aknebehandlung\/#comment_ca_marche\" >comment \u00e7a marche<\/a><ul class='ez-toc-list-level-4' ><li class='ez-toc-heading-level-4'><a class=\"ez-toc-link ez-toc-heading-3\" href=\"https:\/\/www.dealexpert.eu\/de\/p\/niacinamid-feuchtigkeitsspendende-aknebehandlung\/#les_bienfaits_pour_votre_peau\" >les bienfaits pour votre peau<\/a><\/li><\/ul><\/li><li class='ez-toc-page-1 ez-toc-heading-level-3'><a class=\"ez-toc-link ez-toc-heading-4\" href=\"https:\/\/www.dealexpert.eu\/de\/p\/niacinamid-feuchtigkeitsspendende-aknebehandlung\/#pourquoi_nous_laimons\" >pourquoi nous l'aimons<\/a><ul class='ez-toc-list-level-4' ><li class='ez-toc-heading-level-4'><a class=\"ez-toc-link ez-toc-heading-5\" href=\"https:\/\/www.dealexpert.eu\/de\/p\/niacinamid-feuchtigkeitsspendende-aknebehandlung\/#les_avantages\" >les avantages<\/a><\/li><\/ul><\/li><li class='ez-toc-page-1 ez-toc-heading-level-3'><a class=\"ez-toc-link ez-toc-heading-6\" href=\"https:\/\/www.dealexpert.eu\/de\/p\/niacinamid-feuchtigkeitsspendende-aknebehandlung\/#qualite_et_securite\" >Qualit\u00e4t und Sicherheit<\/a><\/li><li class='ez-toc-page-1 ez-toc-heading-level-3'><a class=\"ez-toc-link ez-toc-heading-7\" href=\"https:\/\/www.dealexpert.eu\/de\/p\/niacinamid-feuchtigkeitsspendende-aknebehandlung\/#comment_lutiliser\" >wie man sie einsetzt<\/a><\/li><\/ul><\/li><\/ul><\/nav><\/div>\n<h2><span class=\"ez-toc-section\" id=\"introduction_to_clear_skin_mineral_milk\"><\/span>Einf\u00fchrung in die Clear Skin Mineralmilch<span class=\"ez-toc-section-end\"><\/span><\/h2>\n<p>Die Clear Skin Mineral Milk ist ein Feuchtigkeitsspender gegen Pickel, der Salicyls\u00e4ure und Niacinamid verbindet, um Ihre Haut klarer und gl\u00e4nzender zu machen. <\/p>\n<h3><span class=\"ez-toc-section\" id=\"comment_ca_marche\"><\/span>comment \u00e7a marche<span class=\"ez-toc-section-end\"><\/span><\/h3>\n<p>Dieses 3-in-1-Serum enth\u00e4lt Milch-, Blumen- und Phasens\u00e4uren, um die Haut w\u00e4hrend der Nacht zu gl\u00e4tten. Es ist f\u00fcr alle Hauttypen geeignet, auch f\u00fcr die reife, empfindliche und zu Pickeln neigende Haut.<\/p>\n<h4><span class=\"ez-toc-section\" id=\"les_bienfaits_pour_votre_peau\"><\/span>les bienfaits pour votre peau<span class=\"ez-toc-section-end\"><\/span><\/h4>\n<ul>\n<li><strong>Peeling und Kl\u00e4rung<\/strong> Die Salzs\u00e4ure 2% tr\u00e4gt dazu bei, die abgestorbenen Hautzellen zu beseitigen und das Erscheinungsbild der Poren zu verringern.<\/li>\n<li><strong>Hydrat und Nourrit<\/strong> : Die pflanzlichen Kr\u00e4uter und die Algenextrakte spenden der Haut Feuchtigkeit und N\u00e4hrstoffe und sorgen f\u00fcr ein sch\u00f6neres und gl\u00e4nzenderes Hautbild.<\/li>\n<li><strong>mildert Hautunreinheiten<\/strong> Niacinamid und Mandel\u00f6ls\u00e4ure reduzieren das Auftreten von Hautunreinheiten und verbessern die Hautbeschaffenheit.<\/li>\n<\/ul>\n<h3><span class=\"ez-toc-section\" id=\"pourquoi_nous_laimons\"><\/span>pourquoi nous l'aimons<span class=\"ez-toc-section-end\"><\/span><\/h3>\n<p>Unsere Mischung aus pflanzlichen Kl\u00e4rungsmitteln, darunter Zitrusfrucht, Noisette, Tamanu und Girofle, hilft, die Haut zu kl\u00e4ren, Rouge zu reduzieren und mit Grass\u00e4uren zu n\u00e4hren.<\/p>\n<h4><span class=\"ez-toc-section\" id=\"les_avantages\"><\/span>les avantages<span class=\"ez-toc-section-end\"><\/span><\/h4>\n<ul>\n<li><strong>Gleichgewicht bei der Produktion von \u00d6l<\/strong> Der einzigartige Mineralkomplex aus Quecksilber, Magnesium und Zink hilft, die Hautproduktion auszugleichen und die Haut zu regenerieren.<\/li>\n<li><strong>hydratisieren und restaurieren<\/strong> : Die Anti-Age-Algenextrakte wirken feuchtigkeitsspendend und aufbauend und sorgen f\u00fcr ein sch\u00f6neres und strahlenderes Hautbild.<\/li>\n<\/ul>\n<h3><span class=\"ez-toc-section\" id=\"qualite_et_securite\"><\/span>Qualit\u00e4t und Sicherheit<span class=\"ez-toc-section-end\"><\/span><\/h3>\n<p>unser produkt ist :<\/p>\n<ul>\n<li><strong>v\u00e9gan<\/strong> <\/li>\n<li><strong>ohne Gluten<\/strong> <\/li>\n<li><strong>ohne Soja<\/strong> <\/li>\n<li><strong>cruaut\u00e9frei<\/strong> <\/li>\n<li><strong>ohne Alkoholeinfluss<\/strong> <\/li>\n<li><strong>ohne Parf\u00fcm<\/strong> <\/li>\n<li><strong>ohne Parab\u00e8nes<\/strong> <\/li>\n<li><strong>ohne Farbstoffzusatz<\/strong> <\/li>\n<li><strong>ohne Phthalate<\/strong> <\/li>\n<li><strong>ohne St\u00f6psel<\/strong> <\/li>\n<li><strong>hypoallerg\u00e9nique<\/strong> <\/li>\n<li><strong>klinisch getestet + von einem Dermatologen getestet<\/strong> <\/li>\n<\/ul>\n<h3><span class=\"ez-toc-section\" id=\"comment_lutiliser\"><\/span>wie man sie einsetzt<span class=\"ez-toc-section-end\"><\/span><\/h3>\n<p>appliquez une couche uniforme sur la peau propre le soir. suivez avec de l'huile et de la cr\u00e8me hydratante quotidiennement.<\/p>\n<p>n'attendez plus pour d\u00e9couvrir les bienfaits de clear skin mineral milk pour votre peau !<\/p>","protected":false},"excerpt":{"rendered":"<p>introduction to clear skin mineral milk clear skin mineral milk est un traitement hydratant contre l&#8217;acn\u00e9 qui associe l&#8217;acide salicylique et la niacinamide pour vous offrir une peau plus claire et plus \u00e9clatante. comment \u00e7a marche ce s\u00e9rum \u00e0 3 en 1 contient de l&#8217;acide lactique, des acides floraux et des phas pour lisser la&#8230;<\/p>","protected":false},"featured_media":1704,"template":"","meta":{"_lmt_disableupdate":"","_lmt_disable":"","_kadence_starter_templates_imported_post":false,"_kad_post_transparent":"","_kad_post_title":"","_kad_post_layout":"","_kad_post_sidebar_id":"","_kad_post_content_style":"","_kad_post_vertical_padding":"","_kad_post_feature":"","_kad_post_feature_position":"","_kad_post_header":false,"_kad_post_footer":false,"_kad_post_classname":""},"product_brand":[],"product_cat":[147],"product_tag":[],"class_list":{"0":"post-1703","1":"product","2":"type-product","3":"status-publish","4":"has-post-thumbnail","6":"product_cat-zinc-copper-for-balance","8":"first","9":"instock","10":"shipping-taxable","11":"product-type-external","12":"entry","13":"content-bg","14":"loop-entry"},"_links":{"self":[{"href":"https:\/\/www.dealexpert.eu\/de\/wp-json\/wp\/v2\/product\/1703","targetHints":{"allow":["GET"]}}],"collection":[{"href":"https:\/\/www.dealexpert.eu\/de\/wp-json\/wp\/v2\/product"}],"about":[{"href":"https:\/\/www.dealexpert.eu\/de\/wp-json\/wp\/v2\/types\/product"}],"wp:featuredmedia":[{"embeddable":true,"href":"https:\/\/www.dealexpert.eu\/de\/wp-json\/wp\/v2\/media\/1704"}],"wp:attachment":[{"href":"https:\/\/www.dealexpert.eu\/de\/wp-json\/wp\/v2\/media?parent=1703"}],"wp:term":[{"taxonomy":"product_brand","embeddable":true,"href":"https:\/\/www.dealexpert.eu\/de\/wp-json\/wp\/v2\/product_brand?post=1703"},{"taxonomy":"product_cat","embeddable":true,"href":"https:\/\/www.dealexpert.eu\/de\/wp-json\/wp\/v2\/product_cat?post=1703"},{"taxonomy":"product_tag","embeddable":true,"href":"https:\/\/www.dealexpert.eu\/de\/wp-json\/wp\/v2\/product_tag?post=1703"}],"curies":[{"name":"wp","href":"https:\/\/api.w.org\/{rel}","templated":true}]}}