{"id":1602,"date":"2025-08-27T10:06:50","date_gmt":"2025-08-27T10:06:50","guid":{"rendered":"https:\/\/www.dealexpert.eu\/?page_id=1602"},"modified":"2025-08-27T10:07:28","modified_gmt":"2025-08-27T10:07:28","slug":"lageplan","status":"publish","type":"page","link":"https:\/\/www.dealexpert.eu\/de\/lageplan\/","title":{"rendered":"Plan du site"},"content":{"rendered":"\n<div class=\"wsp-container\"><div id=\"ez-toc-container\" class=\"ez-toc-v2_0_81 counter-hierarchy ez-toc-counter ez-toc-grey ez-toc-container-direction\">\n<div class=\"ez-toc-title-container\">\n<p class=\"ez-toc-title\" style=\"cursor:inherit\">Summary<\/p>\n<span class=\"ez-toc-title-toggle\"><a href=\"#\" class=\"ez-toc-pull-right ez-toc-btn ez-toc-btn-xs ez-toc-btn-default ez-toc-toggle\" aria-label=\"Toggle Table of Content\"><span class=\"ez-toc-js-icon-con\"><span class=\"\"><span class=\"eztoc-hide\" style=\"display:none;\">Toggle<\/span><span class=\"ez-toc-icon-toggle-span\"><svg style=\"fill: #999;color:#999\" xmlns=\"http:\/\/www.w3.org\/2000\/svg\" class=\"list-377408\" width=\"20px\" height=\"20px\" viewBox=\"0 0 24 24\" fill=\"none\"><path d=\"M6 6H4v2h2V6zm14 0H8v2h12V6zM4 11h2v2H4v-2zm16 0H8v2h12v-2zM4 16h2v2H4v-2zm16 0H8v2h12v-2z\" fill=\"currentColor\"><\/path><\/svg><svg style=\"fill: #999;color:#999\" class=\"arrow-unsorted-368013\" xmlns=\"http:\/\/www.w3.org\/2000\/svg\" width=\"10px\" height=\"10px\" viewBox=\"0 0 24 24\" version=\"1.2\" baseProfile=\"tiny\"><path d=\"M18.2 9.3l-6.2-6.3-6.2 6.3c-.2.2-.3.4-.3.7s.1.5.3.7c.2.2.4.3.7.3h11c.3 0 .5-.1.7-.3.2-.2.3-.5.3-.7s-.1-.5-.3-.7zM5.8 14.7l6.2 6.3 6.2-6.3c.2-.2.3-.5.3-.7s-.1-.5-.3-.7c-.2-.2-.4-.3-.7-.3h-11c-.3 0-.5.1-.7.3-.2.2-.3.5-.3.7s.1.5.3.7z\"\/><\/svg><\/span><\/span><\/span><\/a><\/span><\/div>\n<nav><ul class='ez-toc-list ez-toc-list-level-1 eztoc-toggle-hide-by-default' ><li class='ez-toc-page-1 ez-toc-heading-level-2'><a class=\"ez-toc-link ez-toc-heading-1\" href=\"https:\/\/www.dealexpert.eu\/de\/lageplan\/#Seiten\" >Seiten<\/a><\/li><li class='ez-toc-page-1 ez-toc-heading-level-2'><a class=\"ez-toc-link ez-toc-heading-2\" href=\"https:\/\/www.dealexpert.eu\/de\/lageplan\/#Produkte\" >Produkte<\/a><\/li><li class='ez-toc-page-1 ez-toc-heading-level-2'><a class=\"ez-toc-link ez-toc-heading-3\" href=\"https:\/\/www.dealexpert.eu\/de\/lageplan\/#Marken\" >Marken<\/a><\/li><li class='ez-toc-page-1 ez-toc-heading-level-2'><a class=\"ez-toc-link ez-toc-heading-4\" href=\"https:\/\/www.dealexpert.eu\/de\/lageplan\/#Produkt-Kategorien\" >Produkt-Kategorien<\/a><\/li><\/ul><\/nav><\/div>\n<h2 class=\"wsp-pages-title\"><span class=\"ez-toc-section\" id=\"Seiten\"><\/span>Seiten<span class=\"ez-toc-section-end\"><\/span><\/h2>\n<ul class=\"wsp-pages-list\">\n<li class=\"page_item page-item-9\"><a href=\"https:\/\/www.dealexpert.eu\/de\/wagen\/\">Cart<\/a><\/li>\n<li class=\"page_item page-item-10\"><a href=\"https:\/\/www.dealexpert.eu\/de\/checkout\/\">Checkout<\/a><\/li>\n<li class=\"page_item page-item-74\"><a href=\"https:\/\/www.dealexpert.eu\/de\/kontakt\/\">Contact<\/a><\/li>\n<li class=\"page_item page-item-72\"><a href=\"https:\/\/www.dealexpert.eu\/de\/\">Home<\/a><\/li>\n<li class=\"page_item page-item-11\"><a href=\"https:\/\/www.dealexpert.eu\/de\/mein-konto\/\">My account<\/a><\/li>\n<li class=\"page_item page-item-1602\"><a href=\"https:\/\/www.dealexpert.eu\/de\/lageplan\/\">Plan du site<\/a><\/li>\n<li class=\"page_item page-item-1605\"><a href=\"https:\/\/www.dealexpert.eu\/de\/plan-du-site-2\/\">Plan du site<\/a><\/li>\n<li class=\"page_item page-item-8\"><a href=\"https:\/\/www.dealexpert.eu\/de\/shop\/\">Shop<\/a><\/li>\n<\/ul>\n<h2 class=\"wsp-products-title\"><span class=\"ez-toc-section\" id=\"Produkte\"><\/span>Produkte<span class=\"ez-toc-section-end\"><\/span><\/h2>\n<ul class=\"wsp-products-list\">\n<li><a href=\"https:\/\/www.dealexpert.eu\/de\/p\/payloadtoolargeerror-request-entity-too-large-at-readstream-var-app-current-node_modules-raw-body-index-js16317-at-getrawbody-var-app-current-node_modules-raw-body-in-3\/\">PayloadTooLargeError: request entity too large<br> &nbsp; &nbsp;at readStream (\/var\/app\/current\/node_modules\/raw-body\/index.js:163:17)<br> &nbsp; &nbsp;at getRawBody (\/var\/app\/current\/node_modules\/raw-body\/index.js:116:12)<br> &nbsp; &nbsp;at read (\/var\/app\/current\/node_modules\/body-parser\/lib\/read.js:79:3)<br> &nbsp; &nbsp;at jsonParser (\/var\/app\/current\/node_modules\/body-parser\/lib\/types\/json.js:138:5)<br> &nbsp; &nbsp;at Layer.handle [as handle_request] (\/var\/app\/current\/node_modules\/express\/lib\/router\/layer.js:95:5)<br> &nbsp; &nbsp;at trim_prefix (\/var\/app\/current\/node_modules\/express\/lib\/router\/index.js:328:13)<br> &nbsp; &nbsp;at \/var\/app\/current\/node_modules\/express\/lib\/router\/index.js:286:9<br> &nbsp; &nbsp;at Function.process_params (\/var\/app\/current\/node_modules\/express\/lib\/router\/index.js:346:12)<br> &nbsp; &nbsp;at next (\/var\/app\/current\/node_modules\/express\/lib\/router\/index.js:280:10)<br> &nbsp; &nbsp;at expressInit (\/var\/app\/current\/node_modules\/express\/lib\/middleware\/init.js:40:5)<\/a><\/li>\n<li><a href=\"https:\/\/www.dealexpert.eu\/de\/p\/payloadtoolargeerror-request-entity-too-large-at-readstream-var-app-current-node_modules-raw-body-index-js16317-at-getrawbody-var-app-current-node_modules-raw-body-in-2\/\">PayloadTooLargeError: request entity too large<br> &nbsp; &nbsp;at readStream (\/var\/app\/current\/node_modules\/raw-body\/index.js:163:17)<br> &nbsp; &nbsp;at getRawBody (\/var\/app\/current\/node_modules\/raw-body\/index.js:116:12)<br> &nbsp; &nbsp;at read (\/var\/app\/current\/node_modules\/body-parser\/lib\/read.js:79:3)<br> &nbsp; &nbsp;at jsonParser (\/var\/app\/current\/node_modules\/body-parser\/lib\/types\/json.js:138:5)<br> &nbsp; &nbsp;at Layer.handle [as handle_request] (\/var\/app\/current\/node_modules\/express\/lib\/router\/layer.js:95:5)<br> &nbsp; &nbsp;at trim_prefix (\/var\/app\/current\/node_modules\/express\/lib\/router\/index.js:328:13)<br> &nbsp; &nbsp;at \/var\/app\/current\/node_modules\/express\/lib\/router\/index.js:286:9<br> &nbsp; &nbsp;at Function.process_params (\/var\/app\/current\/node_modules\/express\/lib\/router\/index.js:346:12)<br> &nbsp; &nbsp;at next (\/var\/app\/current\/node_modules\/express\/lib\/router\/index.js:280:10)<br> &nbsp; &nbsp;at expressInit (\/var\/app\/current\/node_modules\/express\/lib\/middleware\/init.js:40:5)<\/a><\/li>\n<li><a href=\"https:\/\/www.dealexpert.eu\/de\/p\/payloadtoolargeerror-request-entity-too-large-at-readstream-var-app-current-node_modules-raw-body-index-js16317-at-getrawbody-var-app-current-node_modules-raw-body-in\/\">PayloadTooLargeError: request entity too large<br> &nbsp; &nbsp;at readStream (\/var\/app\/current\/node_modules\/raw-body\/index.js:163:17)<br> &nbsp; &nbsp;at getRawBody (\/var\/app\/current\/node_modules\/raw-body\/index.js:116:12)<br> &nbsp; &nbsp;at read (\/var\/app\/current\/node_modules\/body-parser\/lib\/read.js:79:3)<br> &nbsp; &nbsp;at jsonParser (\/var\/app\/current\/node_modules\/body-parser\/lib\/types\/json.js:138:5)<br> &nbsp; &nbsp;at Layer.handle [as handle_request] (\/var\/app\/current\/node_modules\/express\/lib\/router\/layer.js:95:5)<br> &nbsp; &nbsp;at trim_prefix (\/var\/app\/current\/node_modules\/express\/lib\/router\/index.js:328:13)<br> &nbsp; &nbsp;at \/var\/app\/current\/node_modules\/express\/lib\/router\/index.js:286:9<br> &nbsp; &nbsp;at Function.process_params (\/var\/app\/current\/node_modules\/express\/lib\/router\/index.js:346:12)<br> &nbsp; &nbsp;at next (\/var\/app\/current\/node_modules\/express\/lib\/router\/index.js:280:10)<br> &nbsp; &nbsp;at expressInit (\/var\/app\/current\/node_modules\/express\/lib\/middleware\/init.js:40:5)<\/a><\/li>\n<li><a href=\"https:\/\/www.dealexpert.eu\/de\/p\/night-shred-pour-bruler-les-graisses-la-nuit\/\">Night shred pour br\u00fbler les graisses la nuit<\/a><\/li>\n<li><a href=\"https:\/\/www.dealexpert.eu\/de\/p\/night-shred-pour-un-sommeil-et-une-perte-de-poids-ameliores\/\">Night shred pour un sommeil et une perte de poids am\u00e9lior\u00e9s<\/a><\/li>\n<li><a href=\"https:\/\/www.dealexpert.eu\/de\/p\/niacinamid-feuchtigkeitsspendende-aknebehandlung\/\">Niacinamide hydrating acne treatment<\/a><\/li>\n<li><a href=\"https:\/\/www.dealexpert.eu\/de\/p\/probiotikum-fur-manner-und-frauen-vital-flora-ultra-daily\/\">Probiotic pour hommes et femmes - vital flora ultra daily<\/a><\/li>\n<li><a href=\"https:\/\/www.dealexpert.eu\/de\/p\/vitamin-d3-fur-einen-optimalen-gesundheitszustand\/\">Vitamin d3 pour une sant\u00e9 optimale<\/a><\/li>\n<li><a href=\"https:\/\/www.dealexpert.eu\/de\/p\/eiweispulver-fur-einen-wirksamen-muskelaufbau\/\">Protein powder pour un gain de masse musculaire efficace<\/a><\/li>\n<li><a href=\"https:\/\/www.dealexpert.eu\/de\/p\/molkenproteinisolat-von-hochster-qualitat-mit-zusatzlichen-aminosauren\/\">Whey protein isolate de haute qualit\u00e9 avec des acides amin\u00e9s ajout\u00e9s<\/a><\/li>\n<li><a href=\"https:\/\/www.dealexpert.eu\/de\/p\/ausdauer-und-erholung-mit-trifuel-3-en-1\/\">Endurance et r\u00e9cup\u00e9ration avec trifuel 3-en-1<\/a><\/li>\n<li><a href=\"https:\/\/www.dealexpert.eu\/de\/p\/vitamin-c-fur-ein-gesundes-immunsystem\/\">Vitamin c pour un syst\u00e8me immunitaire sain<\/a><\/li>\n<li><a href=\"https:\/\/www.dealexpert.eu\/de\/p\/curcumin-fur-eine-bessere-gesundheit\/\">Curcumin pour une meilleure sant\u00e9<\/a><\/li>\n<li><a href=\"https:\/\/www.dealexpert.eu\/de\/p\/probiotika-fur-frauen-und-manner-fur-die-gesundheit-des-darms\/\">Probiotique pour femme et homme, sant\u00e9 intestinale<\/a><\/li>\n<li><a href=\"https:\/\/www.dealexpert.eu\/de\/p\/dronex-2\/\">DroneX<\/a><\/li>\n<li><a href=\"https:\/\/www.dealexpert.eu\/de\/p\/tacticalx-taschenlampe\/\">TacticalX Flashlight<\/a><\/li>\n<li><a href=\"https:\/\/www.dealexpert.eu\/de\/p\/smartes-auto\/\">Smart Car<\/a><\/li>\n<li><a href=\"https:\/\/www.dealexpert.eu\/de\/p\/intelligente-fitness\/\">Smart Fitness<\/a><\/li>\n<li><a href=\"https:\/\/www.dealexpert.eu\/de\/p\/itrack-gps-auto-tracker\/\">iTrack GPS Car Tracker<\/a><\/li>\n<li><a href=\"https:\/\/www.dealexpert.eu\/de\/p\/lightsafex\/\">LightSafeX<\/a><\/li>\n<li><a href=\"https:\/\/www.dealexpert.eu\/de\/p\/klarsicht-2\/\">ClearView<\/a><\/li>\n<li><a href=\"https:\/\/www.dealexpert.eu\/de\/p\/dronex-pro-2\/\">DroneX Pro<\/a><\/li>\n<li><a href=\"https:\/\/www.dealexpert.eu\/de\/p\/t-uhr-2\/\">T-Watch<\/a><\/li>\n<li><a href=\"https:\/\/www.dealexpert.eu\/de\/p\/mosquitron\/\">Mosquitron<\/a><\/li>\n<li><a href=\"https:\/\/www.dealexpert.eu\/de\/p\/gesundheitsuberwachung-3\/\">HealthWatch<\/a><\/li>\n<li><a href=\"https:\/\/www.dealexpert.eu\/de\/p\/ecotouch\/\">EcoTouch<\/a><\/li>\n<li><a href=\"https:\/\/www.dealexpert.eu\/de\/p\/homenetix\/\">HomeNETIX<\/a><\/li>\n<li><a href=\"https:\/\/www.dealexpert.eu\/de\/p\/smartlight\/\">SmartLight<\/a><\/li>\n<li><a href=\"https:\/\/www.dealexpert.eu\/de\/p\/nanosecure\/\">NanoSecure<\/a><\/li>\n<li><a href=\"https:\/\/www.dealexpert.eu\/de\/p\/louis-blanc-smart-geldborse\/\">Louis Blanc Smart-Wallet<\/a><\/li>\n<li><a href=\"https:\/\/www.dealexpert.eu\/de\/p\/okowarme-s-2\/\">EcoHeat S<\/a><\/li>\n<li><a href=\"https:\/\/www.dealexpert.eu\/de\/p\/ionische-wellness-dusche\/\">IOnic Spa Shower<\/a><\/li>\n<li><a href=\"https:\/\/www.dealexpert.eu\/de\/p\/sonicx-pro\/\">SonicX PRO<\/a><\/li>\n<li><a href=\"https:\/\/www.dealexpert.eu\/de\/p\/activ8-fitness-tracker\/\">ActiV8 Fitness Tracker<\/a><\/li>\n<li><a href=\"https:\/\/www.dealexpert.eu\/de\/p\/wlan-ultraboost-2\/\">WIFI UltraBoost<\/a><\/li>\n<li><a href=\"https:\/\/www.dealexpert.eu\/de\/p\/video-turklingel\/\">Video DoorBell<\/a><\/li>\n<li><a href=\"https:\/\/www.dealexpert.eu\/de\/p\/diamantenmeile\/\">DiamondSmile<\/a><\/li>\n<li><a href=\"https:\/\/www.dealexpert.eu\/de\/p\/airphones\/\">AirPhones<\/a><\/li>\n<li><a href=\"https:\/\/www.dealexpert.eu\/de\/p\/sinnesschlaf\/\">SenseSleep<\/a><\/li>\n<li><a href=\"https:\/\/www.dealexpert.eu\/de\/p\/stillesnore\/\">SilentSnore<\/a><\/li>\n<li><a href=\"https:\/\/www.dealexpert.eu\/de\/p\/taktische-flugdrohne\/\">Tactic AIR Drone<\/a><\/li>\n<li><a href=\"https:\/\/www.dealexpert.eu\/de\/p\/rauchfrei\/\">SmokeSOS<\/a><\/li>\n<li><a href=\"https:\/\/www.dealexpert.eu\/de\/p\/ergorelax\/\">ErgoRelax<\/a><\/li>\n<li><a href=\"https:\/\/www.dealexpert.eu\/de\/p\/cleanrobot\/\">CleanRobot<\/a><\/li>\n<li><a href=\"https:\/\/www.dealexpert.eu\/de\/p\/soundpro-spor\/\">SoundPRO Spor<\/a><\/li>\n<li><a href=\"https:\/\/www.dealexpert.eu\/de\/p\/moskauer-band\/\">MoskiX Band<\/a><\/li>\n<li><a href=\"https:\/\/www.dealexpert.eu\/de\/p\/schlaflabor\/\">SleepLab<\/a><\/li>\n<li><a href=\"https:\/\/www.dealexpert.eu\/de\/p\/homepolice24\/\">HomePolice24<\/a><\/li>\n<li><a href=\"https:\/\/www.dealexpert.eu\/de\/p\/wasserboom-360\/\">WaterBOOM 360<\/a><\/li>\n<li><a href=\"https:\/\/www.dealexpert.eu\/de\/p\/moskitron-gefuhrt\/\">Moskitron LED<\/a><\/li>\n<li><a href=\"https:\/\/www.dealexpert.eu\/de\/p\/memorysafex-2\/\">MemorySafeX<\/a><\/li>\n<li><a href=\"https:\/\/www.dealexpert.eu\/de\/p\/activbeat-2-0\/\">ActivBeat 2.0<\/a><\/li>\n<li><a href=\"https:\/\/www.dealexpert.eu\/de\/p\/y-bustenhalter\/\">Y-Bra<\/a><\/li>\n<li><a href=\"https:\/\/www.dealexpert.eu\/de\/p\/zenmind-xp\/\">ZenMind XP<\/a><\/li>\n<li><a href=\"https:\/\/www.dealexpert.eu\/de\/p\/taktikphonex\/\">TacticPhoneX<\/a><\/li>\n<\/ul>\n<h2 class=\"wsp-product_brands-title\"><span class=\"ez-toc-section\" id=\"Marken\"><\/span>Marken<span class=\"ez-toc-section-end\"><\/span><\/h2>\n<ul class=\"wsp-product_brands-list\">\n<li><a href=\"https:\/\/www.dealexpert.eu\/de\/marke\/biotechusa\/\">BioTechUSA<\/a><\/li>\n<li><a href=\"https:\/\/www.dealexpert.eu\/de\/marke\/fuxion\/\">FuXion<\/a><\/li>\n<li><a href=\"https:\/\/www.dealexpert.eu\/de\/marke\/hallo-kfood\/\">HELLO KFOOD<\/a><\/li>\n<li><a href=\"https:\/\/www.dealexpert.eu\/de\/marke\/innosupps\/\">InnoSupps<\/a><\/li>\n<li><a href=\"https:\/\/www.dealexpert.eu\/de\/marke\/livon-laboratorien\/\">LivOn Laboratories<\/a><\/li>\n<li><a href=\"https:\/\/www.dealexpert.eu\/de\/marke\/jetzt-lebensmittel\/\">NOW Foods<\/a><\/li>\n<li><a href=\"https:\/\/www.dealexpert.eu\/de\/marke\/opasdh\/\">OPASDH<\/a><\/li>\n<li><a href=\"https:\/\/www.dealexpert.eu\/de\/marke\/reine-verkapselungen\/\">Pure Encapsulations<\/a><\/li>\n<li><a href=\"https:\/\/www.dealexpert.eu\/de\/marke\/swiig\/\">swiig<\/a><\/li>\n<li><a href=\"https:\/\/www.dealexpert.eu\/de\/marke\/trifuel\/\">TriFuel<\/a><\/li>\n<li><a href=\"https:\/\/www.dealexpert.eu\/de\/marke\/vitaler-planet\/\">Vital Planet<\/a><\/li>\n<\/ul>\n<h2 class=\"wsp-product_cats-title\"><span class=\"ez-toc-section\" id=\"Produkt-Kategorien\"><\/span>Produkt-Kategorien<span class=\"ez-toc-section-end\"><\/span><\/h2>\n<ul class=\"wsp-product_cats-list\">\n<li><a href=\"https:\/\/www.dealexpert.eu\/de\/katze\/bcaa-elektrolyte-ausdauer\/\">BCAA + \u00e9lectrolytes endurance<\/a><\/li>\n<li><a href=\"https:\/\/www.dealexpert.eu\/de\/katze\/cla-konjugierte-linolsaure\/\">CLA (Conjugated Linoleic Acid)<\/a><\/li>\n<li><a href=\"https:\/\/www.dealexpert.eu\/de\/katze\/kurkuma-kurkumin-entzundungshemmend\/\">Curcuma curcumine anti-inflammatoire<\/a><\/li>\n<li><a href=\"https:\/\/www.dealexpert.eu\/de\/katze\/gruner-tee-mit-egcg-zur-gewichtsabnahme\/\">Green Tea with EGCG for Weight Loss<\/a><\/li>\n<li><a href=\"https:\/\/www.dealexpert.eu\/de\/katze\/l-carnitin-fur-die-fettverbrennung\/\">L-Carnitine for Fat Burning<\/a><\/li>\n<li><a href=\"https:\/\/www.dealexpert.eu\/de\/katze\/natives-molkenproteinisolat\/\">Native Whey Protein Isolate<\/a><\/li>\n<li><a href=\"https:\/\/www.dealexpert.eu\/de\/katze\/probiotika-fur-die-darmflora\/\">Probiotics for Gut Flora<\/a><\/li>\n<li><a href=\"https:\/\/www.dealexpert.eu\/de\/katze\/probiotische-darmflora\/\">Probiotiques intestinal flora<\/a><\/li>\n<li><a href=\"https:\/\/www.dealexpert.eu\/de\/katze\/technologie\/\">Technology<\/a><\/li>\n<li><a href=\"https:\/\/www.dealexpert.eu\/de\/katze\/vitamin-d3-5000-iu-fur-die-immunitat\/\">Vitamin D3 5000 IU for Immunity<\/a><\/li>\n<li><a href=\"https:\/\/www.dealexpert.eu\/de\/katze\/vitamin-c-ascorbat-liposomal\/\">Vitamine C ascorbate liposomale<\/a><\/li>\n<li><a href=\"https:\/\/www.dealexpert.eu\/de\/katze\/molkenproteinkonzentrat-fur-den-masseaufbau\/\">Whey Protein Concentrate for Mass Gain<\/a><\/li>\n<li><a href=\"https:\/\/www.dealexpert.eu\/de\/katze\/zink-kupfer-fur-die-bilanz\/\">Zinc + Copper for Balance<\/a><\/li>\n<\/ul>\n<\/div>\n","protected":false},"excerpt":{"rendered":"","protected":false},"author":1,"featured_media":0,"parent":0,"menu_order":0,"comment_status":"closed","ping_status":"closed","template":"","meta":{"_lmt_disableupdate":"","_lmt_disable":"","_kadence_starter_templates_imported_post":false,"_kad_post_transparent":"","_kad_post_title":"","_kad_post_layout":"","_kad_post_sidebar_id":"","_kad_post_content_style":"","_kad_post_vertical_padding":"","_kad_post_feature":"","_kad_post_feature_position":"","_kad_post_header":false,"_kad_post_footer":false,"_kad_post_classname":"","footnotes":""},"class_list":["post-1602","page","type-page","status-publish","hentry"],"_links":{"self":[{"href":"https:\/\/www.dealexpert.eu\/de\/wp-json\/wp\/v2\/pages\/1602","targetHints":{"allow":["GET"]}}],"collection":[{"href":"https:\/\/www.dealexpert.eu\/de\/wp-json\/wp\/v2\/pages"}],"about":[{"href":"https:\/\/www.dealexpert.eu\/de\/wp-json\/wp\/v2\/types\/page"}],"author":[{"embeddable":true,"href":"https:\/\/www.dealexpert.eu\/de\/wp-json\/wp\/v2\/users\/1"}],"replies":[{"embeddable":true,"href":"https:\/\/www.dealexpert.eu\/de\/wp-json\/wp\/v2\/comments?post=1602"}],"version-history":[{"count":0,"href":"https:\/\/www.dealexpert.eu\/de\/wp-json\/wp\/v2\/pages\/1602\/revisions"}],"wp:attachment":[{"href":"https:\/\/www.dealexpert.eu\/de\/wp-json\/wp\/v2\/media?parent=1602"}],"curies":[{"name":"wp","href":"https:\/\/api.w.org\/{rel}","templated":true}]}}